{"id":1012,"date":"2025-07-14T08:04:26","date_gmt":"2025-07-14T06:04:26","guid":{"rendered":"https:\/\/prodengrup.com\/?page_id=1012"},"modified":"2025-09-19T10:59:08","modified_gmt":"2025-09-19T08:59:08","slug":"politica-de-privadesa","status":"publish","type":"page","link":"https:\/\/prodengroup.com\/ca\/politica-de-privadesa\/","title":{"rendered":"Pol\u00edtica de privadesa"},"content":{"rendered":"\n<h2 class=\"wp-block-heading\"><strong>INFORMACI\u00d3 SOBRE PROTECCI\u00d3 DE DADES DE CAR\u00c0CTER PERSONAL<\/strong><\/h2>\n\n<p>En compliment del Reglament 2016\/679 de la Uni\u00f3 Europea relatiu a la protecci\u00f3 de les persones f\u00edsiques pel que fa al tractament de dades personals ia la lliure circulaci\u00f3 d&#8217;aquestes dades i de la Llei Org\u00e0nica 3\/2018, de 5 de desembre, de Protecci\u00f3 de les Dades Personals i Garantia dels Drets Digitals, us informem que el responsable del tractament de les vostres dades<\/p>\n\n<h2 class=\"wp-block-heading\"><strong>PRODEN GROUP Integral Services SL<\/strong> <\/h2>\n\n<p>C\/Fructu\u00f3s Gelabert 2-4, 4t 2a<\/p>\n\n<p>08970 St. Joan Desp\u00ed, Barcelona   <\/p>\n\n<p>T. 934 599 947 &#8211; <a href=\"mailto:comercial@prodengroup.com\">comercial@prodengroup.com<\/a><\/p>\n\n<h2 class=\"wp-block-heading\"><strong>FINALITAT DEL TRACTAMENT<\/strong><\/h2>\n\n<p>Les seves dades seran tractades amb la finalitat de gestionar la seva relaci\u00f3 contractual amb aquesta entitat i\/o per facilitar-li informaci\u00f3 sobre els seus productes i serveis, fins i tot per mitjans electr\u00f2nics, en qu\u00e8 vost\u00e8 pugui estar interessat o que hagi sol\u00b7licitat.  <\/p>\n\n<h2 class=\"wp-block-heading\"><strong>TERMINI DE CONSERVACI\u00d3  <\/strong><\/h2>\n\n<p>Com a client, les seves dades seran conservades mentre duri la relaci\u00f3 comercial i durant els 5 anys posteriors a la darrera transacci\u00f3 comercial. Si nom\u00e9s heu sol\u00b7licitat informaci\u00f3, les vostres dades seran conservades durant els 5 anys posteriors a la vostra petici\u00f3 o fins al moment que sol\u00b7liciteu la seva supressi\u00f3.   <\/p>\n\n<h2 class=\"wp-block-heading\"><strong>BASE JUR\u00cdDICA O LEGITIMACI\u00d3 PER AL TRACTAMENT  <\/strong><\/h2>\n\n<p>Com a client, el tractament es basa en l&#8217;execuci\u00f3 d&#8217;un contracte del qual forma part. Si encara no sou client i nom\u00e9s heu sol\u00b7licitat informaci\u00f3, el tractament es dur\u00e0 a terme mitjan\u00e7ant el seu consentiment atorgat de forma lliure, expressa i informada a aquest tractament, fins i tot per mitjans electr\u00f2nics, en <em>clikar<\/em> conforme accepta aquesta Pol\u00edtica de Privadesa.   <\/p>\n\n<h2 class=\"wp-block-heading\"><strong>CONSENTIMENT, DESTINATARIS I TRANSFER\u00c8NCIES INTERNACIONALS<\/strong><\/h2>\n\n<p>En <em>clikar<\/em> conforme accepta aquesta Pol\u00edtica de Privadesa, vost\u00e8 ens autoritza expressament a facilitar-vos informaci\u00f3 puntual o peri\u00f2dica -fins i tot per mitjans electr\u00f2nics- i fins i tot a qu\u00e8 cedim les vostres dades personals, encara que suposi una transfer\u00e8ncia internacional de dades, si aix\u00f2 \u00e9s necessari per complir amb les finalitats ja indicades de facilitar-vos els serveis contractats o la informaci\u00f3 que pugui ser del vostre inter\u00e8s i\/o.  <\/p>\n\n<h2 class=\"wp-block-heading\"><strong>EXERCICI DE DRETS<\/strong><\/h2>\n\n<p>Vost\u00e8 t\u00e9 dret a revocar qualsevol consentiment que hagi atorgat ia accedir a la informaci\u00f3 que tenim de vost\u00e8, a rectificar-la, a suprimir-la, a oposar-se al tractament, a sol\u00b7licitar la limitaci\u00f3 del tractament oa demanar la portabilitat de les seves dades. Per aix\u00f2, nom\u00e9s cal comunicar-ho mitjan\u00e7ant escrit signat, adjuntant una fotoc\u00f2pia de qualsevol document oficial v\u00e0lid que acrediti la seva identitat (DNI, passaport\u2026), dirigit a:   <\/p>\n\n<h3 class=\"wp-block-heading\"><strong>PRODEN GROUP Integral Services SL<\/strong> <\/h3>\n\n<p>C\/Fructu\u00f3s Gelabert 2-4, 4t 2a<\/p>\n\n<p>08970 St. Joan Desp\u00ed, Barcelona   <\/p>\n\n<p>T. 934 599 947 &#8211; <a href=\"mailto:comercial@prodengroup.com\">comercial@prodengroup.com<\/a><\/p>\n\n<p>Aix\u00ed mateix, vost\u00e8 t\u00e9 dret a presentar una reclamaci\u00f3 davant d&#8217;una Autoritat de Control.  <\/p>\n\n<p>Darrera actualitzaci\u00f3: setembre de 2025<\/p>\n","protected":false},"excerpt":{"rendered":"<p>INFORMACI\u00d3 SOBRE PROTECCI\u00d3 DE DADES DE CAR\u00c0CTER PERSONAL En compliment del Reglament 2016\/679 de la Uni\u00f3 Europea relatiu a la protecci\u00f3 de les persones f\u00edsiques pel que fa al tractament de dades personals ia la lliure circulaci\u00f3 d&#8217;aquestes dades i de la Llei Org\u00e0nica 3\/2018, de 5 de desembre, de Protecci\u00f3 de les Dades Personals [&hellip;]<\/p>\n","protected":false},"author":1,"featured_media":0,"parent":0,"menu_order":0,"comment_status":"closed","ping_status":"closed","template":"","meta":{"footnotes":""},"class_list":["post-1012","page","type-page","status-publish","hentry"],"yoast_head":"<!-- This site is optimized with the Yoast SEO plugin v27.4 - https:\/\/yoast.com\/product\/yoast-seo-wordpress\/ -->\n<title>Pol\u00edtica de privadesa - Prodengroup<\/title>\n<meta name=\"robots\" content=\"index, follow, max-snippet:-1, max-image-preview:large, max-video-preview:-1\" \/>\n<link rel=\"canonical\" href=\"https:\/\/prodengroup.com\/ca\/politica-de-privadesa\/\" \/>\n<meta property=\"og:locale\" content=\"ca_ES\" \/>\n<meta property=\"og:type\" content=\"article\" \/>\n<meta property=\"og:title\" content=\"Pol\u00edtica de privadesa - Prodengroup\" \/>\n<meta property=\"og:description\" content=\"INFORMACI\u00d3 SOBRE PROTECCI\u00d3 DE DADES DE CAR\u00c0CTER PERSONAL En compliment del Reglament 2016\/679 de la Uni\u00f3 Europea relatiu a la protecci\u00f3 de les persones f\u00edsiques pel que fa al tractament de dades personals ia la lliure circulaci\u00f3 d&#8217;aquestes dades i de la Llei Org\u00e0nica 3\/2018, de 5 de desembre, de Protecci\u00f3 de les Dades Personals [&hellip;]\" \/>\n<meta property=\"og:url\" content=\"https:\/\/prodengroup.com\/ca\/politica-de-privadesa\/\" \/>\n<meta property=\"og:site_name\" content=\"Prodengroup\" \/>\n<meta property=\"article:modified_time\" content=\"2025-09-19T08:59:08+00:00\" \/>\n<meta name=\"twitter:card\" content=\"summary_large_image\" \/>\n<meta name=\"twitter:label1\" content=\"Temps estimat de lectura\" \/>\n\t<meta name=\"twitter:data1\" content=\"2 minuts\" \/>\n<script type=\"application\/ld+json\" class=\"yoast-schema-graph\">{\"@context\":\"https:\\\/\\\/schema.org\",\"@graph\":[{\"@type\":\"WebPage\",\"@id\":\"https:\\\/\\\/prodengroup.com\\\/ca\\\/politica-de-privadesa\\\/\",\"url\":\"https:\\\/\\\/prodengroup.com\\\/ca\\\/politica-de-privadesa\\\/\",\"name\":\"Pol\u00edtica de privadesa - Prodengroup\",\"isPartOf\":{\"@id\":\"https:\\\/\\\/prodengroup.com\\\/ca\\\/#website\"},\"datePublished\":\"2025-07-14T06:04:26+00:00\",\"dateModified\":\"2025-09-19T08:59:08+00:00\",\"breadcrumb\":{\"@id\":\"https:\\\/\\\/prodengroup.com\\\/ca\\\/politica-de-privadesa\\\/#breadcrumb\"},\"inLanguage\":\"ca\",\"potentialAction\":[{\"@type\":\"ReadAction\",\"target\":[\"https:\\\/\\\/prodengroup.com\\\/ca\\\/politica-de-privadesa\\\/\"]}]},{\"@type\":\"BreadcrumbList\",\"@id\":\"https:\\\/\\\/prodengroup.com\\\/ca\\\/politica-de-privadesa\\\/#breadcrumb\",\"itemListElement\":[{\"@type\":\"ListItem\",\"position\":1,\"name\":\"Inici\",\"item\":\"https:\\\/\\\/prodengroup.com\\\/ca\\\/inici\\\/\"},{\"@type\":\"ListItem\",\"position\":2,\"name\":\"Pol\u00edtica de privadesa\"}]},{\"@type\":\"WebSite\",\"@id\":\"https:\\\/\\\/prodengroup.com\\\/ca\\\/#website\",\"url\":\"https:\\\/\\\/prodengroup.com\\\/ca\\\/\",\"name\":\"Prodengroup\",\"description\":\"Entornos seguros y sostenibles para empresas y personas\",\"publisher\":{\"@id\":\"https:\\\/\\\/prodengroup.com\\\/ca\\\/#organization\"},\"potentialAction\":[{\"@type\":\"SearchAction\",\"target\":{\"@type\":\"EntryPoint\",\"urlTemplate\":\"https:\\\/\\\/prodengroup.com\\\/ca\\\/?s={search_term_string}\"},\"query-input\":{\"@type\":\"PropertyValueSpecification\",\"valueRequired\":true,\"valueName\":\"search_term_string\"}}],\"inLanguage\":\"ca\"},{\"@type\":\"Organization\",\"@id\":\"https:\\\/\\\/prodengroup.com\\\/ca\\\/#organization\",\"name\":\"Prodengroup\",\"url\":\"https:\\\/\\\/prodengroup.com\\\/ca\\\/\",\"logo\":{\"@type\":\"ImageObject\",\"inLanguage\":\"ca\",\"@id\":\"https:\\\/\\\/prodengroup.com\\\/ca\\\/#\\\/schema\\\/logo\\\/image\\\/\",\"url\":\"https:\\\/\\\/prodengroup.com\\\/wp-content\\\/uploads\\\/2025\\\/07\\\/proden_group_logo_color.png\",\"contentUrl\":\"https:\\\/\\\/prodengroup.com\\\/wp-content\\\/uploads\\\/2025\\\/07\\\/proden_group_logo_color.png\",\"width\":720,\"height\":139,\"caption\":\"Prodengroup\"},\"image\":{\"@id\":\"https:\\\/\\\/prodengroup.com\\\/ca\\\/#\\\/schema\\\/logo\\\/image\\\/\"},\"sameAs\":[\"https:\\\/\\\/www.linkedin.com\\\/company\\\/proden-group\"]}]}<\/script>\n<!-- \/ Yoast SEO plugin. -->","yoast_head_json":{"title":"Pol\u00edtica de privadesa - Prodengroup","robots":{"index":"index","follow":"follow","max-snippet":"max-snippet:-1","max-image-preview":"max-image-preview:large","max-video-preview":"max-video-preview:-1"},"canonical":"https:\/\/prodengroup.com\/ca\/politica-de-privadesa\/","og_locale":"ca_ES","og_type":"article","og_title":"Pol\u00edtica de privadesa - Prodengroup","og_description":"INFORMACI\u00d3 SOBRE PROTECCI\u00d3 DE DADES DE CAR\u00c0CTER PERSONAL En compliment del Reglament 2016\/679 de la Uni\u00f3 Europea relatiu a la protecci\u00f3 de les persones f\u00edsiques pel que fa al tractament de dades personals ia la lliure circulaci\u00f3 d&#8217;aquestes dades i de la Llei Org\u00e0nica 3\/2018, de 5 de desembre, de Protecci\u00f3 de les Dades Personals [&hellip;]","og_url":"https:\/\/prodengroup.com\/ca\/politica-de-privadesa\/","og_site_name":"Prodengroup","article_modified_time":"2025-09-19T08:59:08+00:00","twitter_card":"summary_large_image","twitter_misc":{"Temps estimat de lectura":"2 minuts"},"schema":{"@context":"https:\/\/schema.org","@graph":[{"@type":"WebPage","@id":"https:\/\/prodengroup.com\/ca\/politica-de-privadesa\/","url":"https:\/\/prodengroup.com\/ca\/politica-de-privadesa\/","name":"Pol\u00edtica de privadesa - Prodengroup","isPartOf":{"@id":"https:\/\/prodengroup.com\/ca\/#website"},"datePublished":"2025-07-14T06:04:26+00:00","dateModified":"2025-09-19T08:59:08+00:00","breadcrumb":{"@id":"https:\/\/prodengroup.com\/ca\/politica-de-privadesa\/#breadcrumb"},"inLanguage":"ca","potentialAction":[{"@type":"ReadAction","target":["https:\/\/prodengroup.com\/ca\/politica-de-privadesa\/"]}]},{"@type":"BreadcrumbList","@id":"https:\/\/prodengroup.com\/ca\/politica-de-privadesa\/#breadcrumb","itemListElement":[{"@type":"ListItem","position":1,"name":"Inici","item":"https:\/\/prodengroup.com\/ca\/inici\/"},{"@type":"ListItem","position":2,"name":"Pol\u00edtica de privadesa"}]},{"@type":"WebSite","@id":"https:\/\/prodengroup.com\/ca\/#website","url":"https:\/\/prodengroup.com\/ca\/","name":"Prodengroup","description":"Entornos seguros y sostenibles para empresas y personas","publisher":{"@id":"https:\/\/prodengroup.com\/ca\/#organization"},"potentialAction":[{"@type":"SearchAction","target":{"@type":"EntryPoint","urlTemplate":"https:\/\/prodengroup.com\/ca\/?s={search_term_string}"},"query-input":{"@type":"PropertyValueSpecification","valueRequired":true,"valueName":"search_term_string"}}],"inLanguage":"ca"},{"@type":"Organization","@id":"https:\/\/prodengroup.com\/ca\/#organization","name":"Prodengroup","url":"https:\/\/prodengroup.com\/ca\/","logo":{"@type":"ImageObject","inLanguage":"ca","@id":"https:\/\/prodengroup.com\/ca\/#\/schema\/logo\/image\/","url":"https:\/\/prodengroup.com\/wp-content\/uploads\/2025\/07\/proden_group_logo_color.png","contentUrl":"https:\/\/prodengroup.com\/wp-content\/uploads\/2025\/07\/proden_group_logo_color.png","width":720,"height":139,"caption":"Prodengroup"},"image":{"@id":"https:\/\/prodengroup.com\/ca\/#\/schema\/logo\/image\/"},"sameAs":["https:\/\/www.linkedin.com\/company\/proden-group"]}]}},"_links":{"self":[{"href":"https:\/\/prodengroup.com\/ca\/wp-json\/wp\/v2\/pages\/1012","targetHints":{"allow":["GET"]}}],"collection":[{"href":"https:\/\/prodengroup.com\/ca\/wp-json\/wp\/v2\/pages"}],"about":[{"href":"https:\/\/prodengroup.com\/ca\/wp-json\/wp\/v2\/types\/page"}],"author":[{"embeddable":true,"href":"https:\/\/prodengroup.com\/ca\/wp-json\/wp\/v2\/users\/1"}],"replies":[{"embeddable":true,"href":"https:\/\/prodengroup.com\/ca\/wp-json\/wp\/v2\/comments?post=1012"}],"version-history":[{"count":2,"href":"https:\/\/prodengroup.com\/ca\/wp-json\/wp\/v2\/pages\/1012\/revisions"}],"predecessor-version":[{"id":1284,"href":"https:\/\/prodengroup.com\/ca\/wp-json\/wp\/v2\/pages\/1012\/revisions\/1284"}],"wp:attachment":[{"href":"https:\/\/prodengroup.com\/ca\/wp-json\/wp\/v2\/media?parent=1012"}],"curies":[{"name":"wp","href":"https:\/\/api.w.org\/{rel}","templated":true}]}}