{"id":1289,"date":"2025-09-19T11:02:56","date_gmt":"2025-09-19T09:02:56","guid":{"rendered":"https:\/\/prodengrup.com\/avis-legal\/"},"modified":"2025-09-19T11:03:39","modified_gmt":"2025-09-19T09:03:39","slug":"avis-legal","status":"publish","type":"page","link":"https:\/\/prodengroup.com\/ca\/avis-legal\/","title":{"rendered":"Av\u00eds Legal"},"content":{"rendered":"\n<h2 class=\"wp-block-heading\"><strong>IDENTIFICACI\u00d3 DEL TITULAR<\/strong><\/h2>\n\n<p>En compliment de l&#8217;art. 10 de la Llei 34\/2002, de Serveis de la Societat de la Informaci\u00f3, us informem que la web <a href=\"http:\/\/www.prodegroup.com\">www.prodengroup.com<\/a> \u00e9s titularitat de la societat <strong>PRODEN GROUP Integral Services SL<\/strong> (d&#8217;ara endavant PRODEN GROUP), inscrita al Registre Mercantil de <strong>Barcelona<\/strong> al <strong>Tom 38103, foli 177, full 5 B8<\/strong> social al C\/Fructu\u00f3s Gelabert 2-4, 4t 2a, 08970 St. Joan Desp\u00ed, Barcelona. Per contactar amb la societat ho pot fer mitjan\u00e7ant el tel\u00e8fon: 934 599 947 i\/o el correu electr\u00f2nic: <a href=\"mailto:comercial@prodengroup.com\">comercial@prodengroup.com<\/a> .  <\/p>\n\n<h2 class=\"wp-block-heading\"><strong>PRIVACITAT<\/strong><\/h2>\n\n<p>PRODEN GROUP us informa que durant la navegaci\u00f3 per les nostres p\u00e0gines web s&#8217;utilitzen \"cookies\", petits fitxers de dades que es generen a l&#8217;ordinador de l&#8217;usuari. Us preguem que reviseu la nostra POL\u00cdTICA DE COOKIES i la nostra POL\u00cdTICA DE PRIVACITAT, que tamb\u00e9 regeixen l&#8217;\u00fas que realitzeu dels serveis de <a href=\"http:\/\/www.prodengroup.com\">www.prodengroup.com<\/a> . <\/p>\n\n<h2 class=\"wp-block-heading\"><strong>CONDICIONS D&#8217;ACC\u00c9S AL LLOC WEB I UTILITZACI\u00d3 DELS SERVEIS  <\/strong><\/h2>\n\n<p>1. Llegiu detingudament aquestes condicions abans d&#8217;utilitzar els serveis de www.prodengroup.com. En utilitzar-los, vost\u00e8 accepta quedar vinculat pel present Av\u00eds Legal. <\/p>\n\n<p>2. L&#8217;acc\u00e9s i la utilitzaci\u00f3 per l&#8217;usuari de la web i\/o dels serveis que presta es realitzen sota l&#8217;\u00fanica i exclusiva responsabilitat de l&#8217;usuari, qui s&#8217;obliga a:<\/p>\n\n<ul class=\"wp-block-list\">\n<li>No accedir i\/o utilitzar la web o els seus serveis amb finalitats il\u00b7l\u00edcites.<\/li>\n\n\n\n<li>No realitzar qualsevol activitat que pogu\u00e9s fer malb\u00e9, sobrecarregar, deteriorar i\/o impedir l&#8217;activitat normal de la web.<\/li>\n\n\n\n<li>No transmetre, difondre o posar a disposici\u00f3 de tercers a trav\u00e9s del web i\/o els seus serveis, qualsevol mena de material que contravingui o hagi estat obtingut contravenint la legislaci\u00f3 vigent la bona fe o l&#8217;ordre p\u00fablic i aquest Av\u00eds Legal i\/o que resulti perjudicial per a tercers.<\/li>\n<\/ul>\n\n<p>3. En cas que l&#8217;usuari caus\u00e9s danys a PRODEN GROUP oa tercers en accedir o fer \u00fas de la web i\/o els seus serveis, exonera expressament PRODEN GROUP de qualsevol responsabilitat que li pogu\u00e9s ser imputada. A aquest efecte, l&#8217;usuari assumir\u00e0 la responsabilitat exclusiva que es pugui derivar i mantindr\u00e0 \u00edntegrament indemne PRODEN GROUP. <\/p>\n\n<p>4. En cas que <a href=\"http:\/\/www.prodengroup.com\">www.prodengroup.com<\/a> ofereixi als usuaris la possibilitat de disposar d&#8217;un compte personal, l&#8217;usuari \u00e9s responsable en tot moment de la cust\u00f2dia de les contrasenyes personals i intransferibles. Aix\u00ed mateix, ser\u00e0 responsable de qualsevol dany produ\u00eft pel seu \u00fas indegut, transfer\u00e8ncia de la contrasenya o p\u00e8rdua de la contrasenya. L&#8217;usuari haur\u00e0 d&#8217;informar immediatament PRODEN GROUP de qualsevol circumst\u00e0ncia que pugui implicar un risc d&#8217;acc\u00e9s i\/o \u00fas per un individu no autoritzat, a fi que es procedeixi a la cancel\u00b7laci\u00f3 i substituci\u00f3 del compte.  <\/p>\n\n<p>L&#8217;usuari respondr\u00e0, en qualsevol cas, de la veracitat de les dades facilitades, reservant-se PRODEN GROUP el dret a excloure dels serveis registrats tot usuari que hagi facilitat dades falses, sense perjudici de les altres accions que siguin procedents en Dret.<\/p>\n\n<p><strong>5.<\/strong> PRODEN GROUP Integral Services SL nom\u00e9s presta serveis a empreses i aut\u00f2noms i no els ofereix a menors d&#8217;edat. PRODEN GROUPpodr\u00e0 posar-se en qualsevol moment en contacte amb l&#8217;usuari, a fi de sol\u00b7licitar-li l&#8217;acreditaci\u00f3 que aquest compleix els requisits establerts: vinculaci\u00f3 amb una determinada empresa, majoria d&#8217;edat\u2026, reservant-se el dret a bloquejar o cancel\u00b7lar el compte personal -si PRODEN GROUPle n&#8217;ha proporcionat una- en cas contrari. <\/p>\n\n<p>PRODEN GROUP, no respon d&#8217;aquelles dades de menors que hagin estat facilitades sense el consentiment dels pares o tutors i sense coneixement d&#8217;aquest fet per part de PRODEN GROUP.<\/p>\n\n<p>6. PRODEN GROUP, es reserva el dret a limitar en qualsevol moment i sense av\u00eds previ la utilitzaci\u00f3 de la web i\/o els serveis ia denegar l&#8217;acc\u00e9s en qualsevol moment i sense necessitat d&#8217;av\u00eds previ a l&#8217;usuari que incompleixi aquest Av\u00eds Legal o qualsevol altra norma d&#8217;aplicaci\u00f3 i tamb\u00e9 en cas de sospita que s&#8217;ha produ\u00eft una usurpaci\u00f3 d&#8217;identitat.<\/p>\n\n<p>7. L&#8217;acc\u00e9s i\/o utilitzaci\u00f3 del web implica l&#8217;acceptaci\u00f3 per l&#8217;usuari que PRODEN GROUP exclou el reconeixement de tota garantia, ja sigui expressa o impl\u00edcita i declina tota responsabilitat per ra\u00f3 de la impossibilitat d&#8217;acc\u00e9s o utilitzaci\u00f3 del web o per error en l&#8217;acc\u00e9s i la utilitzaci\u00f3 del web i\/o els seus serveis.<\/p>\n\n<h2 class=\"wp-block-heading\"><strong>PROPIETAT INTEL\u00b7LECTUAL, INDUSTRIAL I IMATGE PERSONAL<\/strong><\/h2>\n\n<p>8. L&#8217;estructura i el contingut de la web i els seus serveis, sense restricci\u00f3 qualsevol dels seus elements, s\u00f3n propietat de PRODEN GROUP o s&#8217;hi han llicenciat i estan protegits per drets exclusius de propietat intel\u00b7lectual o industrial, de manera que queden reservats en exclusiva a favor dels titulars respectius.<\/p>\n\n<p>9. Concretament, queda expressament prohibida qualsevol reproducci\u00f3, distribuci\u00f3, transformaci\u00f3, comunicaci\u00f3 p\u00fablica i\/o posada a disposici\u00f3 total o parcial dels continguts o elements esmentats, amb independ\u00e8ncia del mitj\u00e0 emprat, si no es compta amb l&#8217;autoritzaci\u00f3 pr\u00e8via, expressa i per escrit de PRODEN GROUP o, si escau, del titular dels corresponents drets, assumint en cas contrari l&#8217;usuari infractor totes les responsabilitats directes.<\/p>\n\n<p>10. Lusuari disposa \u00fanicament dun dret d\u00fas privat, no exclusiu, intransferible i revocable en qualsevol moment destinat exclusivament a la finalitat de gaudir de la navegaci\u00f3 per la web i de les prestacions dels seus serveis (inclosa la possible desc\u00e0rrega de documentaci\u00f3 de tercers) dacord amb aquest Av\u00eds Legal i amb qualssevol altres documents o legislaci\u00f3 vigent que li resulti.<\/p>\n\n<p>11. De la mateixa manera, l&#8217;acc\u00e9s o \u00fas de la web i\/o dels seus continguts no confereix a l&#8217;usuari cap dret sobre les publicacions, marques, logotips i\/o signes distintius que hi estan inclosos protegits per llei. Aix\u00ed mateix, les refer\u00e8ncies a noms i marques comercials o registrades, logotips i altres signes distintius, ja siguin titularitat de PRODEN GROUP o de la prohibici\u00f3 pr\u00e8via, expressa i escrita autoritzaci\u00f3 de PRODEN GROUP o dels seus leg\u00edtims propietaris. <\/p>\n\n<p>12. La cessi\u00f3 o publicaci\u00f3 volunt\u00e0ria d&#8217;informaci\u00f3, articles, col\u00b7laboracions, p\u00e0gines web, emmagatzematge d&#8217;arxius fotografies o v\u00eddeos -incloent-hi la cessi\u00f3 de la imatge personal- o la comunicaci\u00f3 p\u00fablica de qualsevol altre contingut a trav\u00e9s d&#8217;aquest web, per part d&#8217;un usuari, suposen la cessi\u00f3 gratu\u00efta a PRODEN GROUP, (revocable pr\u00e8via comunicaci\u00f3 escrita i signada de l&#8217;usuari), no admesa material, temporal o geogr\u00e0fic, de tots els drets dexplotaci\u00f3 de naturalesa intel\u00b7lectual (i entre ells, sense \u00e0nim limitatiu, els drets de reproducci\u00f3, comunicaci\u00f3 p\u00fablica, distribuci\u00f3 i transformaci\u00f3).<\/p>\n\n<h2 class=\"wp-block-heading\"><strong>CONTINGUT DE LA WEB I ENLLA\u00c7OS A\/I DES DE TERCERS<\/strong><\/h2>\n\n<p>13. PRODEN GROUP no es responsabilitza del mal \u00fas que es realitzi dels continguts de la web, sent exclusiva responsabilitat de l&#8217;usuari que hi accedeixi o els utilitzi.<\/p>\n\n<p>14. Aix\u00ed mateix, PRODEN GROUP no assumeix cap responsabilitat per la informaci\u00f3 continguda en p\u00e0gines web de tercers a les quals es pugui accedir per enlla\u00e7os (links). La pres\u00e8ncia denlla\u00e7os a la web t\u00e9 finalitat merament formativa i\/o informativa i en cap cas suposa suggeriment, invitaci\u00f3 o recomanaci\u00f3 sobre aquests. <\/p>\n\n<p>15. Queda absolutament prohibida la inclusi\u00f3 de continguts o prestaci\u00f3 de serveis a webs de tercers que poguessin suposar un perjudici per a la imatge de PRODEN GROUP.<\/p>\n\n<p>16. PRODEN GROUP es reserva el dret unilateral a prohibir, limitar o exigir la cancel\u00b7laci\u00f3 dels enlla\u00e7os que apuntin cap a aquesta web (hiperenlla\u00e7) quan aix\u00ed ho consideri convenient, mitjan\u00e7ant simple comunicaci\u00f3 al titular de la p\u00e0gina web hiperenlla\u00e7ada, sense que sota cap concepte estigui obligada a abonar cap mena de compensaci\u00f3 per aquest motiu.  <\/p>\n\n<p>17. No cal autoritzaci\u00f3 pr\u00e8via quan un hiperenlla\u00e7 permeti \u00fanicament l&#8217;acc\u00e9s a la p\u00e0gina d&#8217;inici oa una <em>landing page<\/em> , per\u00f2 no la podr\u00e0 reproduir de cap manera. Qualsevol altra forma d&#8217;hiperenlla\u00e7 requerir\u00e0 l&#8217;autoritzaci\u00f3 expressa i inequ\u00edvoca per escrit de PRODEN GROUP. <\/p>\n\n<h2 class=\"wp-block-heading\"><strong>LEGISLACI\u00d3 I JURISDICCI\u00d3 APLICABLE<\/strong><\/h2>\n\n<p>18. Si qualsevol cl\u00e0usula inclosa en aquest Av\u00eds Legal \u00e9s declarada totalment o parcialment nul\u00b7la o inefica\u00e7, ha de subsistir \u00edntegrament tota la resta. Totes les cl\u00e0usules han de ser interpretades de forma independent i aut\u00f2noma, i la resta d&#8217;estipulacions no s&#8217;han afectat en cas que una hagi estat declarada nul\u00b7la per sent\u00e8ncia judicial o resoluci\u00f3 arbitral ferma, i en aquest cas s&#8217;ha de substituir per una que preservi els efectes perseguits per l&#8217;Av\u00eds Legal. <\/p>\n\n<p>19. Els encap\u00e7alaments de les diferents cl\u00e0usules s\u00f3n nom\u00e9s informatius i no afecten, qualifiquen o amplien la interpretaci\u00f3 de l&#8217;Av\u00eds Legal.<\/p>\n\n<p>20. Pel que fa a l&#8217;acc\u00e9s i\/o utilitzaci\u00f3 de www.prodengroup.com, en el cas d&#8217;existir discrep\u00e0ncies entre el que estableix aquest Av\u00eds Legal i el que estableix el text del web de PRODEN GROUP, prevaldr\u00e0 el que disposa aquest document.<\/p>\n\n<p>21. El no exercici o execuci\u00f3 per part de PRODEN GROUP de qualsevol dret o disposici\u00f3 continguda en aquest Av\u00eds Legal no constituir\u00e0 una ren\u00fancia a aquest, excepte reconeixement i acord per escrit.<\/p>\n\n<p>22. Aquest Av\u00eds Legal es regeix per la normativa espanyola vigent que li \u00e9s aplicable.<\/p>\n\n<p>23. Per a la resoluci\u00f3 de les controv\u00e8rsies que poguessin derivar-se com a conseq\u00fc\u00e8ncia del que disposen aquestes disposicions, i amb ren\u00fancia expressa a qualsevol altre fur que pogu\u00e9s correspondre, l&#8217;usuari acorda sotmetre&#8217;s a la Jurisdicci\u00f3 dels Jutjats i Tribunals de Barcelona.<\/p>\n\n<h3 class=\"wp-block-heading\"><strong>MODIFICACIONS DE L&#8217;AV\u00cdS LEGAL<\/strong><\/h3>\n\n<p>24. PRODEN GROUP es reserva el dret a modificar aquest Av\u00eds Legal, sense que sigui requisit previ l&#8217;acceptaci\u00f3 expressa per part de l&#8217;usuari, entenent-se t\u00e0citament acceptades per aquest les modificacions introdu\u00efdes en el cas que continu\u00ef accedint a la web a partir de la data de publicaci\u00f3 de les referides modificacions. En cas contrari, l&#8217;usuari haur\u00e0 de cessar en l&#8217;acc\u00e9s i\/o la utilitzaci\u00f3 de la web i els seus serveis. <\/p>\n\n<p>25. L&#8217;usuari accepta que la versi\u00f3 redactada en espanyol del present document prevaldr\u00e0 sobre qualsevol versi\u00f3 del mateix en un altre idioma. Us recomanem que guardeu c\u00f2pia d&#8217;aquest document, ja que PRODEN GROUP no arxivar\u00e0 aquesta versi\u00f3 i no l&#8217;oferir\u00e0 de forma accessible un cop s&#8217;hagin fet modificacions. <\/p>\n\n<p>Darrera actualitzaci\u00f3: setembre de 2025<\/p>\n\n<p><\/p>\n","protected":false},"excerpt":{"rendered":"<p>IDENTIFICACI\u00d3 DEL TITULAR En compliment de l&#8217;art. 10 de la Llei 34\/2002, de Serveis de la Societat de la Informaci\u00f3, us informem que la web www.prodengroup.com \u00e9s titularitat de la societat PRODEN GROUP Integral Services SL (d&#8217;ara endavant PRODEN GROUP), inscrita al Registre Mercantil de Barcelona al Tom 38103, foli 177, full 5 B8 social [&hellip;]<\/p>\n","protected":false},"author":1,"featured_media":0,"parent":0,"menu_order":0,"comment_status":"closed","ping_status":"closed","template":"","meta":{"footnotes":""},"class_list":["post-1289","page","type-page","status-publish","hentry"],"yoast_head":"<!-- This site is optimized with the Yoast SEO plugin v27.4 - https:\/\/yoast.com\/product\/yoast-seo-wordpress\/ -->\n<title>Av\u00eds Legal - Prodengroup<\/title>\n<meta name=\"robots\" content=\"index, follow, max-snippet:-1, max-image-preview:large, max-video-preview:-1\" \/>\n<link rel=\"canonical\" href=\"https:\/\/prodengroup.com\/ca\/avis-legal\/\" \/>\n<meta property=\"og:locale\" content=\"ca_ES\" \/>\n<meta property=\"og:type\" content=\"article\" \/>\n<meta property=\"og:title\" content=\"Av\u00eds Legal - Prodengroup\" \/>\n<meta property=\"og:description\" content=\"IDENTIFICACI\u00d3 DEL TITULAR En compliment de l&#8217;art. 10 de la Llei 34\/2002, de Serveis de la Societat de la Informaci\u00f3, us informem que la web www.prodengroup.com \u00e9s titularitat de la societat PRODEN GROUP Integral Services SL (d&#8217;ara endavant PRODEN GROUP), inscrita al Registre Mercantil de Barcelona al Tom 38103, foli 177, full 5 B8 social [&hellip;]\" \/>\n<meta property=\"og:url\" content=\"https:\/\/prodengroup.com\/ca\/avis-legal\/\" \/>\n<meta property=\"og:site_name\" content=\"Prodengroup\" \/>\n<meta property=\"article:modified_time\" content=\"2025-09-19T09:03:39+00:00\" \/>\n<meta name=\"twitter:card\" content=\"summary_large_image\" \/>\n<meta name=\"twitter:label1\" content=\"Temps estimat de lectura\" \/>\n\t<meta name=\"twitter:data1\" content=\"8 minuts\" \/>\n<script type=\"application\/ld+json\" class=\"yoast-schema-graph\">{\"@context\":\"https:\\\/\\\/schema.org\",\"@graph\":[{\"@type\":\"WebPage\",\"@id\":\"https:\\\/\\\/prodengroup.com\\\/ca\\\/avis-legal\\\/\",\"url\":\"https:\\\/\\\/prodengroup.com\\\/ca\\\/avis-legal\\\/\",\"name\":\"Av\u00eds Legal - Prodengroup\",\"isPartOf\":{\"@id\":\"https:\\\/\\\/prodengroup.com\\\/ca\\\/#website\"},\"datePublished\":\"2025-09-19T09:02:56+00:00\",\"dateModified\":\"2025-09-19T09:03:39+00:00\",\"breadcrumb\":{\"@id\":\"https:\\\/\\\/prodengroup.com\\\/ca\\\/avis-legal\\\/#breadcrumb\"},\"inLanguage\":\"ca\",\"potentialAction\":[{\"@type\":\"ReadAction\",\"target\":[\"https:\\\/\\\/prodengroup.com\\\/ca\\\/avis-legal\\\/\"]}]},{\"@type\":\"BreadcrumbList\",\"@id\":\"https:\\\/\\\/prodengroup.com\\\/ca\\\/avis-legal\\\/#breadcrumb\",\"itemListElement\":[{\"@type\":\"ListItem\",\"position\":1,\"name\":\"Inici\",\"item\":\"https:\\\/\\\/prodengroup.com\\\/ca\\\/inici\\\/\"},{\"@type\":\"ListItem\",\"position\":2,\"name\":\"Av\u00eds Legal\"}]},{\"@type\":\"WebSite\",\"@id\":\"https:\\\/\\\/prodengroup.com\\\/ca\\\/#website\",\"url\":\"https:\\\/\\\/prodengroup.com\\\/ca\\\/\",\"name\":\"Prodengroup\",\"description\":\"Entornos seguros y sostenibles para empresas y personas\",\"publisher\":{\"@id\":\"https:\\\/\\\/prodengroup.com\\\/ca\\\/#organization\"},\"potentialAction\":[{\"@type\":\"SearchAction\",\"target\":{\"@type\":\"EntryPoint\",\"urlTemplate\":\"https:\\\/\\\/prodengroup.com\\\/ca\\\/?s={search_term_string}\"},\"query-input\":{\"@type\":\"PropertyValueSpecification\",\"valueRequired\":true,\"valueName\":\"search_term_string\"}}],\"inLanguage\":\"ca\"},{\"@type\":\"Organization\",\"@id\":\"https:\\\/\\\/prodengroup.com\\\/ca\\\/#organization\",\"name\":\"Prodengroup\",\"url\":\"https:\\\/\\\/prodengroup.com\\\/ca\\\/\",\"logo\":{\"@type\":\"ImageObject\",\"inLanguage\":\"ca\",\"@id\":\"https:\\\/\\\/prodengroup.com\\\/ca\\\/#\\\/schema\\\/logo\\\/image\\\/\",\"url\":\"https:\\\/\\\/prodengroup.com\\\/wp-content\\\/uploads\\\/2025\\\/07\\\/proden_group_logo_color.png\",\"contentUrl\":\"https:\\\/\\\/prodengroup.com\\\/wp-content\\\/uploads\\\/2025\\\/07\\\/proden_group_logo_color.png\",\"width\":720,\"height\":139,\"caption\":\"Prodengroup\"},\"image\":{\"@id\":\"https:\\\/\\\/prodengroup.com\\\/ca\\\/#\\\/schema\\\/logo\\\/image\\\/\"},\"sameAs\":[\"https:\\\/\\\/www.linkedin.com\\\/company\\\/proden-group\"]}]}<\/script>\n<!-- \/ Yoast SEO plugin. -->","yoast_head_json":{"title":"Av\u00eds Legal - Prodengroup","robots":{"index":"index","follow":"follow","max-snippet":"max-snippet:-1","max-image-preview":"max-image-preview:large","max-video-preview":"max-video-preview:-1"},"canonical":"https:\/\/prodengroup.com\/ca\/avis-legal\/","og_locale":"ca_ES","og_type":"article","og_title":"Av\u00eds Legal - Prodengroup","og_description":"IDENTIFICACI\u00d3 DEL TITULAR En compliment de l&#8217;art. 10 de la Llei 34\/2002, de Serveis de la Societat de la Informaci\u00f3, us informem que la web www.prodengroup.com \u00e9s titularitat de la societat PRODEN GROUP Integral Services SL (d&#8217;ara endavant PRODEN GROUP), inscrita al Registre Mercantil de Barcelona al Tom 38103, foli 177, full 5 B8 social [&hellip;]","og_url":"https:\/\/prodengroup.com\/ca\/avis-legal\/","og_site_name":"Prodengroup","article_modified_time":"2025-09-19T09:03:39+00:00","twitter_card":"summary_large_image","twitter_misc":{"Temps estimat de lectura":"8 minuts"},"schema":{"@context":"https:\/\/schema.org","@graph":[{"@type":"WebPage","@id":"https:\/\/prodengroup.com\/ca\/avis-legal\/","url":"https:\/\/prodengroup.com\/ca\/avis-legal\/","name":"Av\u00eds Legal - Prodengroup","isPartOf":{"@id":"https:\/\/prodengroup.com\/ca\/#website"},"datePublished":"2025-09-19T09:02:56+00:00","dateModified":"2025-09-19T09:03:39+00:00","breadcrumb":{"@id":"https:\/\/prodengroup.com\/ca\/avis-legal\/#breadcrumb"},"inLanguage":"ca","potentialAction":[{"@type":"ReadAction","target":["https:\/\/prodengroup.com\/ca\/avis-legal\/"]}]},{"@type":"BreadcrumbList","@id":"https:\/\/prodengroup.com\/ca\/avis-legal\/#breadcrumb","itemListElement":[{"@type":"ListItem","position":1,"name":"Inici","item":"https:\/\/prodengroup.com\/ca\/inici\/"},{"@type":"ListItem","position":2,"name":"Av\u00eds Legal"}]},{"@type":"WebSite","@id":"https:\/\/prodengroup.com\/ca\/#website","url":"https:\/\/prodengroup.com\/ca\/","name":"Prodengroup","description":"Entornos seguros y sostenibles para empresas y personas","publisher":{"@id":"https:\/\/prodengroup.com\/ca\/#organization"},"potentialAction":[{"@type":"SearchAction","target":{"@type":"EntryPoint","urlTemplate":"https:\/\/prodengroup.com\/ca\/?s={search_term_string}"},"query-input":{"@type":"PropertyValueSpecification","valueRequired":true,"valueName":"search_term_string"}}],"inLanguage":"ca"},{"@type":"Organization","@id":"https:\/\/prodengroup.com\/ca\/#organization","name":"Prodengroup","url":"https:\/\/prodengroup.com\/ca\/","logo":{"@type":"ImageObject","inLanguage":"ca","@id":"https:\/\/prodengroup.com\/ca\/#\/schema\/logo\/image\/","url":"https:\/\/prodengroup.com\/wp-content\/uploads\/2025\/07\/proden_group_logo_color.png","contentUrl":"https:\/\/prodengroup.com\/wp-content\/uploads\/2025\/07\/proden_group_logo_color.png","width":720,"height":139,"caption":"Prodengroup"},"image":{"@id":"https:\/\/prodengroup.com\/ca\/#\/schema\/logo\/image\/"},"sameAs":["https:\/\/www.linkedin.com\/company\/proden-group"]}]}},"_links":{"self":[{"href":"https:\/\/prodengroup.com\/ca\/wp-json\/wp\/v2\/pages\/1289","targetHints":{"allow":["GET"]}}],"collection":[{"href":"https:\/\/prodengroup.com\/ca\/wp-json\/wp\/v2\/pages"}],"about":[{"href":"https:\/\/prodengroup.com\/ca\/wp-json\/wp\/v2\/types\/page"}],"author":[{"embeddable":true,"href":"https:\/\/prodengroup.com\/ca\/wp-json\/wp\/v2\/users\/1"}],"replies":[{"embeddable":true,"href":"https:\/\/prodengroup.com\/ca\/wp-json\/wp\/v2\/comments?post=1289"}],"version-history":[{"count":1,"href":"https:\/\/prodengroup.com\/ca\/wp-json\/wp\/v2\/pages\/1289\/revisions"}],"predecessor-version":[{"id":1290,"href":"https:\/\/prodengroup.com\/ca\/wp-json\/wp\/v2\/pages\/1289\/revisions\/1290"}],"wp:attachment":[{"href":"https:\/\/prodengroup.com\/ca\/wp-json\/wp\/v2\/media?parent=1289"}],"curies":[{"name":"wp","href":"https:\/\/api.w.org\/{rel}","templated":true}]}}