{"id":1299,"date":"2025-09-19T11:06:13","date_gmt":"2025-09-19T09:06:13","guid":{"rendered":"https:\/\/prodengrup.com\/politica-de-cookies\/"},"modified":"2025-09-19T11:06:59","modified_gmt":"2025-09-19T09:06:59","slug":"politica-de-cookies","status":"publish","type":"page","link":"https:\/\/prodengroup.com\/ca\/politica-de-cookies\/","title":{"rendered":"Pol\u00edtica de cookies"},"content":{"rendered":"\n<h2 class=\"wp-block-heading\"><strong>Qu\u00e8 s\u00f3n i per a qu\u00e8 serveixen les galetes i tecnologies similars?  <\/strong><\/h2>\n\n<p>Aquest web utilitza diferents mecanismes (cookies i altres tecnologies) per emmagatzemar i recuperar informaci\u00f3 sobre la seva navegaci\u00f3 a trav\u00e9s del web. En general, poden servir per recon\u00e8ixer-lo com a usuari, obtenir informaci\u00f3 sobre els seus h\u00e0bits de navegaci\u00f3 o personalitzar la manera com es mostra el contingut. Els usos concrets que fem d&#8217;aquestes tecnologies, les seues caracter\u00edstiques, com configurar-les o desactivar-les, etc. es descriuen en aquesta Pol\u00edtica de Cookies.  <\/p>\n\n<p>Per a qualsevol consulta sobre aquesta Pol\u00edtica de cookies podeu adre\u00e7ar-vos a:<\/p>\n\n<h2 class=\"wp-block-heading\"><strong>PRODEN GROUP Integral Services SL<\/strong><\/h2>\n\n<p>C\/Fructu\u00f3s Gelabert 2-4, 4t 2a<br\/> 08970 St. Joan Desp\u00ed (Barcelona). <\/p>\n\n<p>T. 934 599 947<br\/> comercial@prodengroup.com<\/p>\n\n<h2 class=\"wp-block-heading\"><strong>Quins tipus de galetes s&#8217;utilitzen en aquesta p\u00e0gina web?  <\/strong><\/h2>\n\n<p><strong>Per tipus d\u00fas:<\/strong><\/p>\n\n<p><strong>Galetes t\u00e8cniques:<\/strong> s\u00f3n cookies estrictament necess\u00e0ries per a la prestaci\u00f3 dels serveis sol\u00b7licitats per l&#8217;usuari i poden ser necess\u00e0ries per a la navegaci\u00f3 o per assegurar que una p\u00e0gina web es carrega correctament. Tamb\u00e9 s\u00f3n galetes t\u00e8cniques les que s&#8217;utilitzen per verificar l&#8217;acceptaci\u00f3 de galetes, de manera que es garanteixin les opcions de privadesa seleccionades pels usuaris. En cas de desactivar-les, \u00e9s possible que l&#8217;usuari no pugui accedir a algunes de les seccions de la web. Aquestes galetes no requereixen el consentiment informat de l&#8217;usuari.   <\/p>\n\n<p><strong>Galetes de prefer\u00e8ncies o personalitzaci\u00f3:<\/strong> s\u00f3n galetes que, pr\u00f2pies o de tercers, permeten recordar informaci\u00f3 perqu\u00e8 l&#8217;usuari es benefici\u00ef de la conservaci\u00f3 de les seves eleccions cada vegada que accedeix a la web (exemples: idioma, aspecte en funci\u00f3 del navegador, regi\u00f3 d&#8217;acc\u00e9s\u2026). Aquestes galetes poden requerir el consentiment expr\u00e9s i informat de l&#8217;usuari si no \u00e9s el mateix usuari qui escull aquestes caracter\u00edstiques. <\/p>\n\n<p><strong>Cookies d&#8217;an\u00e0lisi:<\/strong> pr\u00f2pies o de tercers, permeten realitzar mesuraments i an\u00e0lisis estad\u00edstiques de la utilitzaci\u00f3 que fan els usuaris de la web i, aix\u00ed, millorar l&#8217;experi\u00e8ncia i\/o els serveis de la web. Aquestes galetes requereixen el consentiment expr\u00e9s i informat de l&#8217;usuari. <\/p>\n\n<p><strong>Cookies de publicitat comportamental:<\/strong> serveixen per adequar als seus interessos els possibles espais publicitaris de la nostra p\u00e0gina web, partint del seu comportament de navegaci\u00f3. Aquestes galetes requereixen el consentiment expr\u00e9s i informat de l&#8217;usuari. <\/p>\n\n<p><strong>Galetes de xarxes socials:<\/strong> s\u00f3n galetes previstes per oferir a l&#8217;usuari la possibilitat d&#8217;accedir, compartir o recomanar continguts de la nostra p\u00e0gina web a les xarxes socials.<\/p>\n\n<p><strong>Tipus de cookies per temps de conservaci\u00f3:<\/strong><\/p>\n\n<p><strong>Cookies de sessi\u00f3:<\/strong> s\u00f3n les que estan dissenyades per demanar i emmagatzemar dades mentre l&#8217;usuari accedeix a la p\u00e0gina web i desapareixen en acabar la sessi\u00f3.<\/p>\n\n<p><strong>Cookies persistents:<\/strong> s\u00f3n aquelles en qu\u00e8 les dades segueixen emmagatzemades al terminal i poden ser accedides i tractades durant un per\u00edode definit pel responsable de la galeta. Aquest per\u00edode pot anar d&#8217;uns minuts a uns quants anys. <\/p>\n\n<p><strong>Tipus de cookies per propietari:<\/strong><\/p>\n\n<p><strong>Cookies pr\u00f2pies:<\/strong> s\u00f3n les que s&#8217;envien a l&#8217;equip terminal de l&#8217;usuari des d&#8217;un equip o domini gestionat pel propietari del web i des del qual es presta el servei sol\u00b7licitat per l&#8217;usuari.<\/p>\n\n<p><strong>Galetes de tercers:<\/strong> s\u00f3n aquelles que s&#8217;envien a l&#8217;equip terminal de l&#8217;usuari des d&#8217;un equip o domini que no \u00e9s gestionat per l&#8217;editor de la web, sin\u00f3 per una altra entitat que tracta les dades obtingudes a trav\u00e9s de les galetes.<\/p>\n\n<h2 class=\"wp-block-heading\"><strong>Qui utilitza la informaci\u00f3 emmagatzemada a les galetes?<\/strong><\/h2>\n\n<p>La informaci\u00f3 emmagatzemada a les cookies pr\u00f2pies \u00e9s utilitzada exclusivament per <strong>PRODEN GROUP Integral Services SL<\/strong> o per empreses participades, associades o col\u00b7laboradores del mateix grup, que ajuden PRODEN GROUP a prestar-li alguns dels serveis que vost\u00e8 ha requerit <strong>.<\/strong><\/p>\n\n<p>La informaci\u00f3 captada i emmagatzemada a les galetes de tercers \u00e9s utilitzada per prove\u00efdors especialitzats en tractar aquestes dades perqu\u00e8 puguem millorar els nostres serveis i l&#8217;experi\u00e8ncia de l&#8217;usuari en l&#8217;\u00fas del web. Les galetes de tercers, hauran de ser eliminades des de les opcions del navegador o des del sistema ofert pels mateixos tercers. <\/p>\n\n<h2 class=\"wp-block-heading\"><strong>Com podeu configurar l&#8217;\u00fas de les galetes?<\/strong><\/h2>\n\n<p>Podeu utilitzar l&#8217;apartat \u201cConfigura cookies\u201d d&#8217;aquesta web per definir i desar les vostres prefer\u00e8ncies.<\/p>\n\n<p>Addicionalment, podeu desactivar i esborrar les galetes al vostre navegador. D&#8217;aquesta manera impedir\u00e0 l&#8217;\u00fas de galetes en qualsevol moment. Tot i aix\u00f2, aix\u00f2 impedeix la instal\u00b7laci\u00f3 de tot tipus de cookies, incloent les cookies t\u00e8cniques necess\u00e0ries per garantir el correcte acc\u00e9s i navegaci\u00f3, per la qual cosa algunes funcionalitats i continguts de la web podrien deixar de ser accessibles.  <\/p>\n\n<h2 class=\"wp-block-heading\"><strong>Com podeu desactivar i impedir l&#8217;\u00fas de galetes al navegador?<\/strong><\/h2>\n\n<p>Podeu restringir i\/o eliminar les cookies d&#8217;aquesta web en qualsevol moment canviant la configuraci\u00f3 del vostre navegador.<\/p>\n\n<p>Els par\u00e0metres s\u00f3n diferents a cada navegador, per\u00f2 normalment es configuren al men\u00fa de \"prefer\u00e8ncies\" o \"eines\". Per a m\u00e9s informaci\u00f3, consulteu el men\u00fa \"ajuda\" del vostre navegador. Podeu trobar informaci\u00f3 sobre com configurar les vostres prefer\u00e8ncies als navegadors m\u00e9s populars a trav\u00e9s d&#8217;aquests enlla\u00e7os i de les seves successives actualitzacions:  <\/p>\n\n<p><strong>Firefox:<\/strong> Prefer\u00e8ncies -&gt; Privadesa i Seguretat  <\/p>\n\n<figure class=\"wp-block-embed\"><div class=\"wp-block-embed__wrapper\">\nhttps:\/\/support.mozilla.org\/es\/kb\/habilitar-y-deshabilitar-cookies-sitios-web-rastrear-preferencias?redirectlocale=es&#038;redirectslug=habilitar-y-deshabilitar-cookies-que-los-sitios-we-\n<\/div><\/figure>\n\n<p><strong>Chrome:<\/strong> Prefer\u00e8ncies-&gt; Configuraci\u00f3-&gt; Mostrar opcions avan\u00e7ades-&gt; Privadesa i Seguretat<\/p>\n\n<figure class=\"wp-block-embed\"><div class=\"wp-block-embed__wrapper\">\nhttps:\/\/support.google.com\/chrome\/answer\/95647?hl=es\n<\/div><\/figure>\n\n<p><strong>Explorer:<\/strong> Eines-&gt; Opcions d&#8217;Internet-&gt; Privadesa-&gt; Configuraci\u00f3  <\/p>\n\n<figure class=\"wp-block-embed\"><div class=\"wp-block-embed__wrapper\">\nhttps:\/\/support.microsoft.com\/es-es\/windows\/administrar-cookies-en-microsoft-edge-ver-permitir-bloquear-eliminar-y-usar-168dab11-0753-043d-7c16-ede5947fc64d\n<\/div><\/figure>\n\n<p><strong>Safari:<\/strong> Prefer\u00e8ncies-&gt; Privadesa.<\/p>\n\n<figure class=\"wp-block-embed\"><div class=\"wp-block-embed__wrapper\">\nhttps:\/\/support.apple.com\/es-es\/guide\/safari\/sfri11471\/mac\n<\/div><\/figure>\n\n<p><strong>Opera:<\/strong> Configuraci\u00f3-&gt; Privadesa i seguretat.<\/p>\n\n<figure class=\"wp-block-embed\"><div class=\"wp-block-embed__wrapper\">\nhttps:\/\/help.opera.com\/en\/latest\/security-and-privacy\n<\/div><\/figure>\n\n<p>Heu de tenir en compte que si heu utilitzat l&#8217;apartat \u201cConfigura Cookies\u201d per seleccionar aquelles que voleu que s&#8217;utilitzin i despr\u00e9s les esborreu amb el vostre navegador, aquesta informaci\u00f3 sobre les vostres prefer\u00e8ncies s&#8217;esborrar\u00e0 tamb\u00e9. Haureu de tornar a utilitzar l&#8217;apartat \u201cConfigurar Cookies\u201d de nou al proper acc\u00e9s a la web. Si canvieu de navegador, les vostres prefer\u00e8ncies no estaran definides per a aquest nou navegador.  <\/p>\n\n<p><strong>Com podeu desactivar galetes de tercers?<\/strong><\/p>\n\n<p>L&#8217;Usuari pot con\u00e8ixer com pot deshabilitar galetes de tercers i m\u00e9s informaci\u00f3 sobre aquests tercers, aix\u00ed com dels tipus de galetes que instal\u00b7len, les finalitats per a les quals tracten les dades, les garanties ofertes per realitzar les transfer\u00e8ncies internacionals, els terminis de conservaci\u00f3, i com es poden configurar les prefer\u00e8ncies pel que fa als mateixos, a trav\u00e9s de les seves pr\u00f2pies pol\u00edtiques de privadesa. Podeu trobar les pol\u00edtiques de privadesa i l&#8217;\u00fas de cookies de xarxes socials (tercers) a: <\/p>\n\n<p>Youtube: <a href=\"https:\/\/www.google.es\/intl\/es\/policies\/technologies\/cookies\/\">https:\/\/www.google.es\/intl\/es\/policies\/technologies\/cookies\/<\/a><\/p>\n\n<p>Linkedin: <a href=\"https:\/\/www.linkedin.com\/psettings\/guest-controls\/retargeting-opt-out?trk=microsites-frontend_legal_cookie-policy\">https:\/\/www.linkedin.com\/psettings\/guest-controls\/retargeting-opt-out?trk=microsites-frontend_legal_cookie-policy<\/a><\/p>\n\n<p>En qualsevol cas, PRODEN GROUP Integral Services SL no es fa responsable de la veracitat i el contingut de les pol\u00edtiques de privadesa ofertes per aquests tercers en els seus llocs web.<\/p>\n\n<h2 class=\"wp-block-heading\"><strong>S&#8217;elaboren perfils per a la presa de decisions automatitzades amb efectes jur\u00eddics o que puguin afectar-lo significativament de manera similar?<\/strong><\/h2>\n\n<p>PRODEN GROUP Integral Services SL no elabora perfils dels seus usuaris que puguin implicar la presa de decisions automatitzades i que puguin afectar-lo jur\u00eddicament ni de manera similar.  <\/p>\n\n<h2 class=\"wp-block-heading\"><strong>Durant quant de temps es conserva la informaci\u00f3 recollida a trav\u00e9s de les cookies?<\/strong><\/h2>\n\n<p>La informaci\u00f3 es conserva \u00fanicament mentre \u00e9s necess\u00e0ria per complir les finalitats per a les quals va ser recollida.<\/p>\n\n<h2 class=\"wp-block-heading\"><strong>Les seves dades poden ser utilitzades per tercers i transferides fora de la Uni\u00f3 Europea?<\/strong><\/h2>\n\n<p>La informaci\u00f3 recollida a trav\u00e9s de les galetes pot ser utilitzada tant per PRODEN GROUP Integral Services SL com per terceres empreses participades, associades o col\u00b7laboradores directes, per a les mateixes finalitats ja descrites.<\/p>\n\n<p>Algunes d&#8217;aquestes empreses es poden trobar ubicades a tercers pa\u00efsos la legislaci\u00f3 dels quals no ofereix un nivell de protecci\u00f3 de dades equivalent a l&#8217;europeu. A l&#8217;article 44 i seg\u00fcents del Reglament Europeu de Protecci\u00f3 de Dades (RGPD) s&#8217;estableix que seran leg\u00edtimes les transfer\u00e8ncies basades en una decisi\u00f3 d&#8217;adequaci\u00f3 de la Comissi\u00f3 Europea o, en cas que hi hagi garanties adequades, mitjan\u00e7ant un instrument jur\u00eddicament vinculant i exigible entre autoritats i organismes p\u00fablics, o mitjan\u00e7ant normes corporatives vinculants, o cl\u00e0usules mecanismes de certificaci\u00f3. En cas contrari, ser\u00e0 necess\u00e0ria l&#8217;autoritzaci\u00f3 de l&#8217;Autoritat de Control competent o, si no n&#8217;hi ha, el consentiment expl\u00edcit de l&#8217;interessat o un altre dels sup\u00f2sits recollits a l&#8217;art. 49 RGPD, com poden ser:  <\/p>\n\n<p><em>b) La necessitat de la transfer\u00e8ncia per a lexecuci\u00f3 dun contracte entre linteressat i el responsable del tractament;  <\/em><\/p>\n\n<p><em>c) La transfer\u00e8ncia sigui necess\u00e0ria per a la celebraci\u00f3 o execuci\u00f3 d&#8217;un contracte en inter\u00e8s de l&#8217;interessat entre el responsable del tractament i una altra persona;<\/em><\/p>\n\n<p><strong>Per tant, us informem expressament que PRODEN GROUP Integral Services SL pot realitzar transfer\u00e8ncies internacionals de les vostres dades a pa\u00efsos externs a la Uni\u00f3 Europea.<\/strong><\/p>\n\n<h3 class=\"wp-block-heading\"><strong>Quins altres drets t\u00e9 com a titular de les vostres dades?<\/strong><\/h3>\n\n<p>Per a m\u00e9s informaci\u00f3 sobre el tractament de les vostres dades i els drets que us assisteixen, podeu consultar la nostra POL\u00cdTICA DE PRIVACITAT i l&#8217;AV\u00cdS LEGAL.  <\/p>\n\n<p>PRODEN GROUP Integral Services SL es reserva el dret a modificar la Pol\u00edtica de Cookies en qualsevol moment. Qualsevol canvi realitzat podr\u00e0 ser consultat i acceptat en aquest mateix web una vegada actualitzat. <\/p>\n\n<p>Darrera actualitzaci\u00f3: setembre de 2025<\/p>\n\n<p><\/p>\n","protected":false},"excerpt":{"rendered":"<p>Qu\u00e8 s\u00f3n i per a qu\u00e8 serveixen les galetes i tecnologies similars? Aquest web utilitza diferents mecanismes (cookies i altres tecnologies) per emmagatzemar i recuperar informaci\u00f3 sobre la seva navegaci\u00f3 a trav\u00e9s del web. En general, poden servir per recon\u00e8ixer-lo com a usuari, obtenir informaci\u00f3 sobre els seus h\u00e0bits de navegaci\u00f3 o personalitzar la manera [&hellip;]<\/p>\n","protected":false},"author":1,"featured_media":0,"parent":0,"menu_order":0,"comment_status":"closed","ping_status":"closed","template":"","meta":{"footnotes":""},"class_list":["post-1299","page","type-page","status-publish","hentry"],"yoast_head":"<!-- This site is optimized with the Yoast SEO plugin v27.4 - https:\/\/yoast.com\/product\/yoast-seo-wordpress\/ -->\n<title>Pol\u00edtica de cookies - Prodengroup<\/title>\n<meta name=\"robots\" content=\"index, follow, max-snippet:-1, max-image-preview:large, max-video-preview:-1\" \/>\n<link rel=\"canonical\" href=\"https:\/\/prodengroup.com\/ca\/politica-de-cookies\/\" \/>\n<meta property=\"og:locale\" content=\"ca_ES\" \/>\n<meta property=\"og:type\" content=\"article\" \/>\n<meta property=\"og:title\" content=\"Pol\u00edtica de cookies - Prodengroup\" \/>\n<meta property=\"og:description\" content=\"Qu\u00e8 s\u00f3n i per a qu\u00e8 serveixen les galetes i tecnologies similars? Aquest web utilitza diferents mecanismes (cookies i altres tecnologies) per emmagatzemar i recuperar informaci\u00f3 sobre la seva navegaci\u00f3 a trav\u00e9s del web. En general, poden servir per recon\u00e8ixer-lo com a usuari, obtenir informaci\u00f3 sobre els seus h\u00e0bits de navegaci\u00f3 o personalitzar la manera [&hellip;]\" \/>\n<meta property=\"og:url\" content=\"https:\/\/prodengroup.com\/ca\/politica-de-cookies\/\" \/>\n<meta property=\"og:site_name\" content=\"Prodengroup\" \/>\n<meta property=\"article:modified_time\" content=\"2025-09-19T09:06:59+00:00\" \/>\n<meta name=\"twitter:card\" content=\"summary_large_image\" \/>\n<meta name=\"twitter:label1\" content=\"Temps estimat de lectura\" \/>\n\t<meta name=\"twitter:data1\" content=\"8 minuts\" \/>\n<script type=\"application\/ld+json\" class=\"yoast-schema-graph\">{\"@context\":\"https:\\\/\\\/schema.org\",\"@graph\":[{\"@type\":\"WebPage\",\"@id\":\"https:\\\/\\\/prodengroup.com\\\/ca\\\/politica-de-cookies\\\/\",\"url\":\"https:\\\/\\\/prodengroup.com\\\/ca\\\/politica-de-cookies\\\/\",\"name\":\"Pol\u00edtica de cookies - Prodengroup\",\"isPartOf\":{\"@id\":\"https:\\\/\\\/prodengroup.com\\\/ca\\\/#website\"},\"datePublished\":\"2025-09-19T09:06:13+00:00\",\"dateModified\":\"2025-09-19T09:06:59+00:00\",\"breadcrumb\":{\"@id\":\"https:\\\/\\\/prodengroup.com\\\/ca\\\/politica-de-cookies\\\/#breadcrumb\"},\"inLanguage\":\"ca\",\"potentialAction\":[{\"@type\":\"ReadAction\",\"target\":[\"https:\\\/\\\/prodengroup.com\\\/ca\\\/politica-de-cookies\\\/\"]}]},{\"@type\":\"BreadcrumbList\",\"@id\":\"https:\\\/\\\/prodengroup.com\\\/ca\\\/politica-de-cookies\\\/#breadcrumb\",\"itemListElement\":[{\"@type\":\"ListItem\",\"position\":1,\"name\":\"Inici\",\"item\":\"https:\\\/\\\/prodengroup.com\\\/ca\\\/inici\\\/\"},{\"@type\":\"ListItem\",\"position\":2,\"name\":\"Pol\u00edtica de cookies\"}]},{\"@type\":\"WebSite\",\"@id\":\"https:\\\/\\\/prodengroup.com\\\/ca\\\/#website\",\"url\":\"https:\\\/\\\/prodengroup.com\\\/ca\\\/\",\"name\":\"Prodengroup\",\"description\":\"Entornos seguros y sostenibles para empresas y personas\",\"publisher\":{\"@id\":\"https:\\\/\\\/prodengroup.com\\\/ca\\\/#organization\"},\"potentialAction\":[{\"@type\":\"SearchAction\",\"target\":{\"@type\":\"EntryPoint\",\"urlTemplate\":\"https:\\\/\\\/prodengroup.com\\\/ca\\\/?s={search_term_string}\"},\"query-input\":{\"@type\":\"PropertyValueSpecification\",\"valueRequired\":true,\"valueName\":\"search_term_string\"}}],\"inLanguage\":\"ca\"},{\"@type\":\"Organization\",\"@id\":\"https:\\\/\\\/prodengroup.com\\\/ca\\\/#organization\",\"name\":\"Prodengroup\",\"url\":\"https:\\\/\\\/prodengroup.com\\\/ca\\\/\",\"logo\":{\"@type\":\"ImageObject\",\"inLanguage\":\"ca\",\"@id\":\"https:\\\/\\\/prodengroup.com\\\/ca\\\/#\\\/schema\\\/logo\\\/image\\\/\",\"url\":\"https:\\\/\\\/prodengroup.com\\\/wp-content\\\/uploads\\\/2025\\\/07\\\/proden_group_logo_color.png\",\"contentUrl\":\"https:\\\/\\\/prodengroup.com\\\/wp-content\\\/uploads\\\/2025\\\/07\\\/proden_group_logo_color.png\",\"width\":720,\"height\":139,\"caption\":\"Prodengroup\"},\"image\":{\"@id\":\"https:\\\/\\\/prodengroup.com\\\/ca\\\/#\\\/schema\\\/logo\\\/image\\\/\"},\"sameAs\":[\"https:\\\/\\\/www.linkedin.com\\\/company\\\/proden-group\"]}]}<\/script>\n<!-- \/ Yoast SEO plugin. -->","yoast_head_json":{"title":"Pol\u00edtica de cookies - Prodengroup","robots":{"index":"index","follow":"follow","max-snippet":"max-snippet:-1","max-image-preview":"max-image-preview:large","max-video-preview":"max-video-preview:-1"},"canonical":"https:\/\/prodengroup.com\/ca\/politica-de-cookies\/","og_locale":"ca_ES","og_type":"article","og_title":"Pol\u00edtica de cookies - Prodengroup","og_description":"Qu\u00e8 s\u00f3n i per a qu\u00e8 serveixen les galetes i tecnologies similars? Aquest web utilitza diferents mecanismes (cookies i altres tecnologies) per emmagatzemar i recuperar informaci\u00f3 sobre la seva navegaci\u00f3 a trav\u00e9s del web. En general, poden servir per recon\u00e8ixer-lo com a usuari, obtenir informaci\u00f3 sobre els seus h\u00e0bits de navegaci\u00f3 o personalitzar la manera [&hellip;]","og_url":"https:\/\/prodengroup.com\/ca\/politica-de-cookies\/","og_site_name":"Prodengroup","article_modified_time":"2025-09-19T09:06:59+00:00","twitter_card":"summary_large_image","twitter_misc":{"Temps estimat de lectura":"8 minuts"},"schema":{"@context":"https:\/\/schema.org","@graph":[{"@type":"WebPage","@id":"https:\/\/prodengroup.com\/ca\/politica-de-cookies\/","url":"https:\/\/prodengroup.com\/ca\/politica-de-cookies\/","name":"Pol\u00edtica de cookies - Prodengroup","isPartOf":{"@id":"https:\/\/prodengroup.com\/ca\/#website"},"datePublished":"2025-09-19T09:06:13+00:00","dateModified":"2025-09-19T09:06:59+00:00","breadcrumb":{"@id":"https:\/\/prodengroup.com\/ca\/politica-de-cookies\/#breadcrumb"},"inLanguage":"ca","potentialAction":[{"@type":"ReadAction","target":["https:\/\/prodengroup.com\/ca\/politica-de-cookies\/"]}]},{"@type":"BreadcrumbList","@id":"https:\/\/prodengroup.com\/ca\/politica-de-cookies\/#breadcrumb","itemListElement":[{"@type":"ListItem","position":1,"name":"Inici","item":"https:\/\/prodengroup.com\/ca\/inici\/"},{"@type":"ListItem","position":2,"name":"Pol\u00edtica de cookies"}]},{"@type":"WebSite","@id":"https:\/\/prodengroup.com\/ca\/#website","url":"https:\/\/prodengroup.com\/ca\/","name":"Prodengroup","description":"Entornos seguros y sostenibles para empresas y personas","publisher":{"@id":"https:\/\/prodengroup.com\/ca\/#organization"},"potentialAction":[{"@type":"SearchAction","target":{"@type":"EntryPoint","urlTemplate":"https:\/\/prodengroup.com\/ca\/?s={search_term_string}"},"query-input":{"@type":"PropertyValueSpecification","valueRequired":true,"valueName":"search_term_string"}}],"inLanguage":"ca"},{"@type":"Organization","@id":"https:\/\/prodengroup.com\/ca\/#organization","name":"Prodengroup","url":"https:\/\/prodengroup.com\/ca\/","logo":{"@type":"ImageObject","inLanguage":"ca","@id":"https:\/\/prodengroup.com\/ca\/#\/schema\/logo\/image\/","url":"https:\/\/prodengroup.com\/wp-content\/uploads\/2025\/07\/proden_group_logo_color.png","contentUrl":"https:\/\/prodengroup.com\/wp-content\/uploads\/2025\/07\/proden_group_logo_color.png","width":720,"height":139,"caption":"Prodengroup"},"image":{"@id":"https:\/\/prodengroup.com\/ca\/#\/schema\/logo\/image\/"},"sameAs":["https:\/\/www.linkedin.com\/company\/proden-group"]}]}},"_links":{"self":[{"href":"https:\/\/prodengroup.com\/ca\/wp-json\/wp\/v2\/pages\/1299","targetHints":{"allow":["GET"]}}],"collection":[{"href":"https:\/\/prodengroup.com\/ca\/wp-json\/wp\/v2\/pages"}],"about":[{"href":"https:\/\/prodengroup.com\/ca\/wp-json\/wp\/v2\/types\/page"}],"author":[{"embeddable":true,"href":"https:\/\/prodengroup.com\/ca\/wp-json\/wp\/v2\/users\/1"}],"replies":[{"embeddable":true,"href":"https:\/\/prodengroup.com\/ca\/wp-json\/wp\/v2\/comments?post=1299"}],"version-history":[{"count":2,"href":"https:\/\/prodengroup.com\/ca\/wp-json\/wp\/v2\/pages\/1299\/revisions"}],"predecessor-version":[{"id":1302,"href":"https:\/\/prodengroup.com\/ca\/wp-json\/wp\/v2\/pages\/1299\/revisions\/1302"}],"wp:attachment":[{"href":"https:\/\/prodengroup.com\/ca\/wp-json\/wp\/v2\/media?parent=1299"}],"curies":[{"name":"wp","href":"https:\/\/api.w.org\/{rel}","templated":true}]}}