{"id":893,"date":"2025-07-14T13:04:51","date_gmt":"2025-07-14T11:04:51","guid":{"rendered":"https:\/\/prodengrup.com\/contacte\/"},"modified":"2025-09-19T13:37:51","modified_gmt":"2025-09-19T11:37:51","slug":"contacte","status":"publish","type":"page","link":"https:\/\/prodengroup.com\/ca\/contacte\/","title":{"rendered":"Contacte"},"content":{"rendered":"\t\t<div data-elementor-type=\"wp-page\" data-elementor-id=\"893\" class=\"elementor elementor-893 elementor-26\" data-elementor-post-type=\"page\">\n\t\t\t\t<div class=\"elementor-element elementor-element-c11e9e5 e-con-full e-flex e-con e-parent\" data-id=\"c11e9e5\" data-element_type=\"container\" data-e-type=\"container\" data-settings=\"{&quot;background_background&quot;:&quot;classic&quot;}\">\n\t\t\t\t<div class=\"elementor-element elementor-element-100cb40 elementor-invisible elementor-widget elementor-widget-heading\" data-id=\"100cb40\" data-element_type=\"widget\" data-e-type=\"widget\" data-settings=\"{&quot;_animation&quot;:&quot;fadeInDown&quot;,&quot;_animation_delay&quot;:500}\" data-widget_type=\"heading.default\">\n\t\t\t\t\t<h2 class=\"elementor-heading-title elementor-size-default\">CONTACTE<\/h2>\t\t\t\t<\/div>\n\t\t\t\t<\/div>\n\t\t<div class=\"elementor-element elementor-element-3a4ea35 e-flex e-con-boxed e-con e-parent\" data-id=\"3a4ea35\" data-element_type=\"container\" data-e-type=\"container\" data-settings=\"{&quot;background_background&quot;:&quot;classic&quot;}\">\n\t\t\t\t\t<div class=\"e-con-inner\">\n\t\t\t\t<div class=\"elementor-element elementor-element-a3331c2 elementor-widget elementor-widget-heading\" data-id=\"a3331c2\" data-element_type=\"widget\" data-e-type=\"widget\" data-widget_type=\"heading.default\">\n\t\t\t\t\t<h2 class=\"elementor-heading-title elementor-size-default\">Proden neix amb l'objectiu d'oferir solucions d'enginyeria basades\nen el comprom\u00eds, el respecte i la professionalitat.<\/h2>\t\t\t\t<\/div>\n\t\t\t\t\t<\/div>\n\t\t\t\t<\/div>\n\t\t<div class=\"elementor-element elementor-element-3d5e303 e-flex e-con-boxed e-con e-parent\" data-id=\"3d5e303\" data-element_type=\"container\" data-e-type=\"container\" data-settings=\"{&quot;background_background&quot;:&quot;classic&quot;,&quot;background_motion_fx_motion_fx_scrolling&quot;:&quot;yes&quot;,&quot;background_motion_fx_translateY_effect&quot;:&quot;yes&quot;,&quot;background_motion_fx_translateY_speed&quot;:{&quot;unit&quot;:&quot;px&quot;,&quot;size&quot;:8,&quot;sizes&quot;:[]},&quot;background_motion_fx_devices&quot;:[&quot;desktop&quot;],&quot;background_motion_fx_translateY_affectedRange&quot;:{&quot;unit&quot;:&quot;%&quot;,&quot;size&quot;:&quot;&quot;,&quot;sizes&quot;:{&quot;start&quot;:0,&quot;end&quot;:100}}}\">\n\t\t\t\t\t<div class=\"e-con-inner\">\n\t\t<div class=\"elementor-element elementor-element-b1785db e-con-full e-flex e-con e-child\" data-id=\"b1785db\" data-element_type=\"container\" data-e-type=\"container\">\n\t\t\t\t<div class=\"elementor-element elementor-element-be79266 elementor-invisible elementor-widget elementor-widget-heading\" data-id=\"be79266\" data-element_type=\"widget\" data-e-type=\"widget\" data-settings=\"{&quot;_animation&quot;:&quot;fadeInUp&quot;,&quot;_animation_delay&quot;:500}\" data-widget_type=\"heading.default\">\n\t\t\t\t\t<h2 class=\"elementor-heading-title elementor-size-default\">Com podem ajudar-lo?<\/h2>\t\t\t\t<\/div>\n\t\t\t\t<div class=\"elementor-element elementor-element-8124e71 elementor-invisible elementor-widget elementor-widget-text-editor\" data-id=\"8124e71\" data-element_type=\"widget\" data-e-type=\"widget\" data-settings=\"{&quot;_animation&quot;:&quot;fadeIn&quot;,&quot;_animation_delay&quot;:500}\" data-widget_type=\"text-editor.default\">\n\t\t\t\t\t\t\t\t\t<p>A Proden posem a disposici\u00f3 dels nostres clients, professionals altament qualificats que ens permet oferir serveis \u00e0gils, de qualitat i m\u00e0xima efici\u00e8ncia.<\/p>\t\t\t\t\t\t\t\t<\/div>\n\t\t\t\t<\/div>\n\t\t<div class=\"elementor-element elementor-element-a669e93 e-con-full e-flex e-con e-child\" data-id=\"a669e93\" data-element_type=\"container\" data-e-type=\"container\">\n\t\t\t\t<div class=\"elementor-element elementor-element-17eb646 elementor-invisible elementor-widget elementor-widget-heading\" data-id=\"17eb646\" data-element_type=\"widget\" data-e-type=\"widget\" data-settings=\"{&quot;_animation&quot;:&quot;fadeInUp&quot;,&quot;_animation_delay&quot;:500}\" data-widget_type=\"heading.default\">\n\t\t\t\t\t<h2 class=\"elementor-heading-title elementor-size-default\">Aqu\u00ed comencem a buscar solucions<\/h2>\t\t\t\t<\/div>\n\t\t\t\t<div class=\"elementor-element elementor-element-e3ff7cc elementor-button-align-start elementor-invisible elementor-widget elementor-widget-form\" data-id=\"e3ff7cc\" data-element_type=\"widget\" data-e-type=\"widget\" data-settings=\"{&quot;step_next_label&quot;:&quot;Next&quot;,&quot;step_previous_label&quot;:&quot;Previous&quot;,&quot;_animation&quot;:&quot;fadeIn&quot;,&quot;_animation_mobile&quot;:&quot;fadeIn&quot;,&quot;_animation_delay&quot;:500,&quot;button_width&quot;:&quot;100&quot;,&quot;step_type&quot;:&quot;number_text&quot;,&quot;step_icon_shape&quot;:&quot;circle&quot;}\" data-widget_type=\"form.default\">\n\t\t\t\t\t\t\t<form class=\"elementor-form\" method=\"post\" name=\"Contacte web\" aria-label=\"Contacte web\">\n\t\t\t<input type=\"hidden\" name=\"post_id\" value=\"893\"\/>\n\t\t\t<input type=\"hidden\" name=\"form_id\" value=\"e3ff7cc\"\/>\n\t\t\t<input type=\"hidden\" name=\"referer_title\" value=\"Enginyeria, seguretat industrial i sostenibilitat Contacte Prodengroup\" \/>\n\n\t\t\t\t\t\t\t<input type=\"hidden\" name=\"queried_id\" value=\"893\"\/>\n\t\t\t\n\t\t\t<div class=\"elementor-form-fields-wrapper elementor-labels-\">\n\t\t\t\t\t\t\t\t<div class=\"elementor-field-type-html elementor-field-group elementor-column elementor-field-group-field_906b590 elementor-col-100\">\n\t\t\t\t\t<font size=\"1,\">  \n    <b>Els camps marcats amb * s\u00f3n obligatoris<\/b>\n<\/font>\t\t\t\t<\/div>\n\t\t\t\t\t\t\t\t<div class=\"elementor-field-type-textarea elementor-field-group elementor-column elementor-field-group-message elementor-col-100\">\n\t\t\t\t\t\t\t\t\t\t\t\t<label for=\"form-field-message\" class=\"elementor-field-label elementor-screen-only\">\n\t\t\t\t\t\t\t\tExpliqui'ns les seves necessitats\t\t\t\t\t\t\t<\/label>\n\t\t\t\t\t\t<textarea class=\"elementor-field-textual elementor-field  elementor-size-sm\" name=\"form_fields[message]\" id=\"form-field-message\" rows=\"4\" placeholder=\"Expliqui&#039;ns les seves necessitats\"><\/textarea>\t\t\t\t<\/div>\n\t\t\t\t\t\t\t\t<div class=\"elementor-field-type-text elementor-field-group elementor-column elementor-field-group-name elementor-col-100 elementor-field-required\">\n\t\t\t\t\t\t\t\t\t\t\t\t<label for=\"form-field-name\" class=\"elementor-field-label elementor-screen-only\">\n\t\t\t\t\t\t\t\tNom i cognoms\t\t\t\t\t\t\t<\/label>\n\t\t\t\t\t\t\t\t\t\t\t\t\t\t<input size=\"1\" type=\"text\" name=\"form_fields[name]\" id=\"form-field-name\" class=\"elementor-field elementor-size-sm  elementor-field-textual\" placeholder=\"Nom i cognoms*\" required=\"required\">\n\t\t\t\t\t\t\t\t\t\t\t<\/div>\n\t\t\t\t\t\t\t\t<div class=\"elementor-field-type-email elementor-field-group elementor-column elementor-field-group-email elementor-col-100 elementor-field-required\">\n\t\t\t\t\t\t\t\t\t\t\t\t<label for=\"form-field-email\" class=\"elementor-field-label elementor-screen-only\">\n\t\t\t\t\t\t\t\tCorreu electr\u00f2nic\t\t\t\t\t\t\t<\/label>\n\t\t\t\t\t\t\t\t\t\t\t\t\t\t<input size=\"1\" type=\"email\" name=\"form_fields[email]\" id=\"form-field-email\" class=\"elementor-field elementor-size-sm  elementor-field-textual\" placeholder=\"Correu electr\u00f2nic*\" required=\"required\">\n\t\t\t\t\t\t\t\t\t\t\t<\/div>\n\t\t\t\t\t\t\t\t<div class=\"elementor-field-type-tel elementor-field-group elementor-column elementor-field-group-field_bc40bdc elementor-col-100\">\n\t\t\t\t\t\t\t\t\t\t\t\t<label for=\"form-field-field_bc40bdc\" class=\"elementor-field-label elementor-screen-only\">\n\t\t\t\t\t\t\t\tN\u00famero de tel\u00e8fon m\u00f2bil o fix\t\t\t\t\t\t\t<\/label>\n\t\t\t\t\t\t\t\t<input size=\"1\" type=\"tel\" name=\"form_fields[field_bc40bdc]\" id=\"form-field-field_bc40bdc\" class=\"elementor-field elementor-size-sm  elementor-field-textual\" placeholder=\"N\u00famero de tel\u00e8fon m\u00f2bil o fix*\" pattern=\"[0-9()#&amp;+*-=.]+\" title=\"Only numbers and phone characters (#, -, *, etc) are accepted.\">\n\n\t\t\t\t\t\t<\/div>\n\t\t\t\t\t\t\t\t<div class=\"elementor-field-type-recaptcha_v3 elementor-field-group elementor-column elementor-field-group-field_3ee7dbb elementor-col-100 recaptcha_v3-bottomright\">\n\t\t\t\t\t<div class=\"elementor-field\" id=\"form-field-field_3ee7dbb\"><div class=\"elementor-g-recaptcha\" data-sitekey=\"6LfHJcYrAAAAAB5XcchSj4FiRDEygmfthhBYC0-W\" data-type=\"v3\" data-action=\"Form\" data-badge=\"bottomright\" data-size=\"invisible\"><\/div><\/div>\t\t\t\t<\/div>\n\t\t\t\t\t\t\t\t<div class=\"elementor-field-type-acceptance elementor-field-group elementor-column elementor-field-group-field_ebb3fa6 elementor-col-100 elementor-field-required\">\n\t\t\t\t\t\t\t\t\t\t\t\t<label for=\"form-field-field_ebb3fa6\" class=\"elementor-field-label elementor-screen-only\">\n\t\t\t\t\t\t\t\tLegal\t\t\t\t\t\t\t<\/label>\n\t\t\t\t\t\t\t\t<div class=\"elementor-field-subgroup\">\n\t\t\t<span class=\"elementor-field-option\">\n\t\t\t\t<input type=\"checkbox\" name=\"form_fields[field_ebb3fa6]\" id=\"form-field-field_ebb3fa6\" class=\"elementor-field elementor-size-sm  elementor-acceptance-field\" required=\"required\">\n\t\t\t\t<label for=\"form-field-field_ebb3fa6\"><font size=\"2\">  \n  En continuar, acceptes els Termes i Condicions i les Pol\u00edtica de privadesa.\n<\/font><\/label>\t\t\t<\/span>\n\t\t<\/div>\n\t\t\t\t\t\t<\/div>\n\t\t\t\t\t\t\t\t<div class=\"elementor-field-group elementor-column elementor-field-type-submit elementor-col-100 e-form__buttons\">\n\t\t\t\t\t<button class=\"elementor-button elementor-size-sm\" type=\"submit\">\n\t\t\t\t\t\t<span class=\"elementor-button-content-wrapper\">\n\t\t\t\t\t\t\t\t\t\t\t\t\t\t\t<span class=\"elementor-button-icon\">\n\t\t\t\t\t\t\t\t\t<svg aria-hidden=\"true\" class=\"e-font-icon-svg e-fas-envelope\" viewBox=\"0 0 512 512\" xmlns=\"http:\/\/www.w3.org\/2000\/svg\"><path d=\"M502.3 190.8c3.9-3.1 9.7-.2 9.7 4.7V400c0 26.5-21.5 48-48 48H48c-26.5 0-48-21.5-48-48V195.6c0-5 5.7-7.8 9.7-4.7 22.4 17.4 52.1 39.5 154.1 113.6 21.1 15.4 56.7 47.8 92.2 47.6 35.7.3 72-32.8 92.3-47.6 102-74.1 131.6-96.3 154-113.7zM256 320c23.2.4 56.6-29.2 73.4-41.4 132.7-96.3 142.8-104.7 173.4-128.7 5.8-4.5 9.2-11.5 9.2-18.9v-19c0-26.5-21.5-48-48-48H48C21.5 64 0 85.5 0 112v19c0 7.4 3.4 14.3 9.2 18.9 30.6 23.9 40.7 32.4 173.4 128.7 16.8 12.2 50.2 41.8 73.4 41.4z\"><\/path><\/svg>\t\t\t\t\t\t\t\t\t\t\t\t\t\t\t\t\t<\/span>\n\t\t\t\t\t\t\t\t\t\t\t\t\t\t\t\t\t\t\t\t\t\t<span class=\"elementor-button-text\">Enviar<\/span>\n\t\t\t\t\t\t\t\t\t\t\t\t\t<\/span>\n\t\t\t\t\t<\/button>\n\t\t\t\t<\/div>\n\t\t\t<\/div>\n\t\t<\/form>\n\t\t\t\t\t\t<\/div>\n\t\t\t\t<\/div>\n\t\t\t\t\t<\/div>\n\t\t\t\t<\/div>\n\t\t\t\t<\/div>\n\t\t","protected":false},"excerpt":{"rendered":"<p>CONTACTE Proden neix amb l&#8217;objectiu d&#8217;oferir solucions d&#8217;enginyeria basades en el comprom\u00eds, el respecte i la professionalitat. Com podem ajudar-lo? A Proden posem a disposici\u00f3 dels nostres clients, professionals altament qualificats que ens permet oferir serveis \u00e0gils, de qualitat i m\u00e0xima efici\u00e8ncia. Aqu\u00ed comencem a buscar solucions<\/p>\n","protected":false},"author":1,"featured_media":895,"parent":0,"menu_order":0,"comment_status":"closed","ping_status":"closed","template":"elementor_header_footer","meta":{"footnotes":""},"class_list":["post-893","page","type-page","status-publish","has-post-thumbnail","hentry"],"yoast_head":"<!-- This site is optimized with the Yoast SEO plugin v27.4 - https:\/\/yoast.com\/product\/yoast-seo-wordpress\/ -->\n<title>Enginyeria, seguretat industrial i sostenibilitat Contacte Prodengroup<\/title>\n<meta name=\"description\" content=\"Poseu-vos en contacte amb Proden Group i descobriu com les nostres solucions d&#039;enginyeria, seguretat industrial i sostenibilitat us poden ajudar.\" \/>\n<meta name=\"robots\" content=\"index, follow, max-snippet:-1, max-image-preview:large, max-video-preview:-1\" \/>\n<link rel=\"canonical\" href=\"https:\/\/prodengroup.com\/ca\/contacte\/\" \/>\n<meta property=\"og:locale\" content=\"ca_ES\" \/>\n<meta property=\"og:type\" content=\"article\" \/>\n<meta property=\"og:title\" content=\"Enginyeria, seguretat industrial i sostenibilitat Contacte Prodengroup\" \/>\n<meta property=\"og:description\" content=\"Poseu-vos en contacte amb Proden Group i descobriu com les nostres solucions d&#039;enginyeria, seguretat industrial i sostenibilitat us poden ajudar.\" \/>\n<meta property=\"og:url\" content=\"https:\/\/prodengroup.com\/ca\/contacte\/\" \/>\n<meta property=\"og:site_name\" content=\"Prodengroup\" \/>\n<meta property=\"article:modified_time\" content=\"2025-09-19T11:37:51+00:00\" \/>\n<meta property=\"og:image\" content=\"https:\/\/prodengroup.com\/wp-content\/uploads\/2025\/07\/proden_group_contacto.jpg\" \/>\n\t<meta property=\"og:image:width\" content=\"2000\" \/>\n\t<meta property=\"og:image:height\" content=\"693\" \/>\n\t<meta property=\"og:image:type\" content=\"image\/jpeg\" \/>\n<meta name=\"twitter:card\" content=\"summary_large_image\" \/>\n<script type=\"application\/ld+json\" class=\"yoast-schema-graph\">{\"@context\":\"https:\\\/\\\/schema.org\",\"@graph\":[{\"@type\":\"WebPage\",\"@id\":\"https:\\\/\\\/prodengroup.com\\\/ca\\\/contacte\\\/\",\"url\":\"https:\\\/\\\/prodengroup.com\\\/ca\\\/contacte\\\/\",\"name\":\"Enginyeria, seguretat industrial i sostenibilitat Contacte Prodengroup\",\"isPartOf\":{\"@id\":\"https:\\\/\\\/prodengroup.com\\\/ca\\\/#website\"},\"primaryImageOfPage\":{\"@id\":\"https:\\\/\\\/prodengroup.com\\\/ca\\\/contacte\\\/#primaryimage\"},\"image\":{\"@id\":\"https:\\\/\\\/prodengroup.com\\\/ca\\\/contacte\\\/#primaryimage\"},\"thumbnailUrl\":\"https:\\\/\\\/prodengroup.com\\\/wp-content\\\/uploads\\\/2025\\\/07\\\/proden_group_contacto.jpg\",\"datePublished\":\"2025-07-14T11:04:51+00:00\",\"dateModified\":\"2025-09-19T11:37:51+00:00\",\"description\":\"Poseu-vos en contacte amb Proden Group i descobriu com les nostres solucions d'enginyeria, seguretat industrial i sostenibilitat us poden ajudar.\",\"breadcrumb\":{\"@id\":\"https:\\\/\\\/prodengroup.com\\\/ca\\\/contacte\\\/#breadcrumb\"},\"inLanguage\":\"ca\",\"potentialAction\":[{\"@type\":\"ReadAction\",\"target\":[\"https:\\\/\\\/prodengroup.com\\\/ca\\\/contacte\\\/\"]}]},{\"@type\":\"ImageObject\",\"inLanguage\":\"ca\",\"@id\":\"https:\\\/\\\/prodengroup.com\\\/ca\\\/contacte\\\/#primaryimage\",\"url\":\"https:\\\/\\\/prodengroup.com\\\/wp-content\\\/uploads\\\/2025\\\/07\\\/proden_group_contacto.jpg\",\"contentUrl\":\"https:\\\/\\\/prodengroup.com\\\/wp-content\\\/uploads\\\/2025\\\/07\\\/proden_group_contacto.jpg\",\"width\":2000,\"height\":693},{\"@type\":\"BreadcrumbList\",\"@id\":\"https:\\\/\\\/prodengroup.com\\\/ca\\\/contacte\\\/#breadcrumb\",\"itemListElement\":[{\"@type\":\"ListItem\",\"position\":1,\"name\":\"Inici\",\"item\":\"https:\\\/\\\/prodengroup.com\\\/ca\\\/inici\\\/\"},{\"@type\":\"ListItem\",\"position\":2,\"name\":\"Contacte\"}]},{\"@type\":\"WebSite\",\"@id\":\"https:\\\/\\\/prodengroup.com\\\/ca\\\/#website\",\"url\":\"https:\\\/\\\/prodengroup.com\\\/ca\\\/\",\"name\":\"Prodengroup\",\"description\":\"Entornos seguros y sostenibles para empresas y personas\",\"publisher\":{\"@id\":\"https:\\\/\\\/prodengroup.com\\\/ca\\\/#organization\"},\"potentialAction\":[{\"@type\":\"SearchAction\",\"target\":{\"@type\":\"EntryPoint\",\"urlTemplate\":\"https:\\\/\\\/prodengroup.com\\\/ca\\\/?s={search_term_string}\"},\"query-input\":{\"@type\":\"PropertyValueSpecification\",\"valueRequired\":true,\"valueName\":\"search_term_string\"}}],\"inLanguage\":\"ca\"},{\"@type\":\"Organization\",\"@id\":\"https:\\\/\\\/prodengroup.com\\\/ca\\\/#organization\",\"name\":\"Prodengroup\",\"url\":\"https:\\\/\\\/prodengroup.com\\\/ca\\\/\",\"logo\":{\"@type\":\"ImageObject\",\"inLanguage\":\"ca\",\"@id\":\"https:\\\/\\\/prodengroup.com\\\/ca\\\/#\\\/schema\\\/logo\\\/image\\\/\",\"url\":\"https:\\\/\\\/prodengroup.com\\\/wp-content\\\/uploads\\\/2025\\\/07\\\/proden_group_logo_color.png\",\"contentUrl\":\"https:\\\/\\\/prodengroup.com\\\/wp-content\\\/uploads\\\/2025\\\/07\\\/proden_group_logo_color.png\",\"width\":720,\"height\":139,\"caption\":\"Prodengroup\"},\"image\":{\"@id\":\"https:\\\/\\\/prodengroup.com\\\/ca\\\/#\\\/schema\\\/logo\\\/image\\\/\"},\"sameAs\":[\"https:\\\/\\\/www.linkedin.com\\\/company\\\/proden-group\"]}]}<\/script>\n<!-- \/ Yoast SEO plugin. -->","yoast_head_json":{"title":"Enginyeria, seguretat industrial i sostenibilitat Contacte Prodengroup","description":"Poseu-vos en contacte amb Proden Group i descobriu com les nostres solucions d'enginyeria, seguretat industrial i sostenibilitat us poden ajudar.","robots":{"index":"index","follow":"follow","max-snippet":"max-snippet:-1","max-image-preview":"max-image-preview:large","max-video-preview":"max-video-preview:-1"},"canonical":"https:\/\/prodengroup.com\/ca\/contacte\/","og_locale":"ca_ES","og_type":"article","og_title":"Enginyeria, seguretat industrial i sostenibilitat Contacte Prodengroup","og_description":"Poseu-vos en contacte amb Proden Group i descobriu com les nostres solucions d'enginyeria, seguretat industrial i sostenibilitat us poden ajudar.","og_url":"https:\/\/prodengroup.com\/ca\/contacte\/","og_site_name":"Prodengroup","article_modified_time":"2025-09-19T11:37:51+00:00","og_image":[{"width":2000,"height":693,"url":"https:\/\/prodengroup.com\/wp-content\/uploads\/2025\/07\/proden_group_contacto.jpg","type":"image\/jpeg"}],"twitter_card":"summary_large_image","schema":{"@context":"https:\/\/schema.org","@graph":[{"@type":"WebPage","@id":"https:\/\/prodengroup.com\/ca\/contacte\/","url":"https:\/\/prodengroup.com\/ca\/contacte\/","name":"Enginyeria, seguretat industrial i sostenibilitat Contacte Prodengroup","isPartOf":{"@id":"https:\/\/prodengroup.com\/ca\/#website"},"primaryImageOfPage":{"@id":"https:\/\/prodengroup.com\/ca\/contacte\/#primaryimage"},"image":{"@id":"https:\/\/prodengroup.com\/ca\/contacte\/#primaryimage"},"thumbnailUrl":"https:\/\/prodengroup.com\/wp-content\/uploads\/2025\/07\/proden_group_contacto.jpg","datePublished":"2025-07-14T11:04:51+00:00","dateModified":"2025-09-19T11:37:51+00:00","description":"Poseu-vos en contacte amb Proden Group i descobriu com les nostres solucions d'enginyeria, seguretat industrial i sostenibilitat us poden ajudar.","breadcrumb":{"@id":"https:\/\/prodengroup.com\/ca\/contacte\/#breadcrumb"},"inLanguage":"ca","potentialAction":[{"@type":"ReadAction","target":["https:\/\/prodengroup.com\/ca\/contacte\/"]}]},{"@type":"ImageObject","inLanguage":"ca","@id":"https:\/\/prodengroup.com\/ca\/contacte\/#primaryimage","url":"https:\/\/prodengroup.com\/wp-content\/uploads\/2025\/07\/proden_group_contacto.jpg","contentUrl":"https:\/\/prodengroup.com\/wp-content\/uploads\/2025\/07\/proden_group_contacto.jpg","width":2000,"height":693},{"@type":"BreadcrumbList","@id":"https:\/\/prodengroup.com\/ca\/contacte\/#breadcrumb","itemListElement":[{"@type":"ListItem","position":1,"name":"Inici","item":"https:\/\/prodengroup.com\/ca\/inici\/"},{"@type":"ListItem","position":2,"name":"Contacte"}]},{"@type":"WebSite","@id":"https:\/\/prodengroup.com\/ca\/#website","url":"https:\/\/prodengroup.com\/ca\/","name":"Prodengroup","description":"Entornos seguros y sostenibles para empresas y personas","publisher":{"@id":"https:\/\/prodengroup.com\/ca\/#organization"},"potentialAction":[{"@type":"SearchAction","target":{"@type":"EntryPoint","urlTemplate":"https:\/\/prodengroup.com\/ca\/?s={search_term_string}"},"query-input":{"@type":"PropertyValueSpecification","valueRequired":true,"valueName":"search_term_string"}}],"inLanguage":"ca"},{"@type":"Organization","@id":"https:\/\/prodengroup.com\/ca\/#organization","name":"Prodengroup","url":"https:\/\/prodengroup.com\/ca\/","logo":{"@type":"ImageObject","inLanguage":"ca","@id":"https:\/\/prodengroup.com\/ca\/#\/schema\/logo\/image\/","url":"https:\/\/prodengroup.com\/wp-content\/uploads\/2025\/07\/proden_group_logo_color.png","contentUrl":"https:\/\/prodengroup.com\/wp-content\/uploads\/2025\/07\/proden_group_logo_color.png","width":720,"height":139,"caption":"Prodengroup"},"image":{"@id":"https:\/\/prodengroup.com\/ca\/#\/schema\/logo\/image\/"},"sameAs":["https:\/\/www.linkedin.com\/company\/proden-group"]}]}},"_links":{"self":[{"href":"https:\/\/prodengroup.com\/ca\/wp-json\/wp\/v2\/pages\/893","targetHints":{"allow":["GET"]}}],"collection":[{"href":"https:\/\/prodengroup.com\/ca\/wp-json\/wp\/v2\/pages"}],"about":[{"href":"https:\/\/prodengroup.com\/ca\/wp-json\/wp\/v2\/types\/page"}],"author":[{"embeddable":true,"href":"https:\/\/prodengroup.com\/ca\/wp-json\/wp\/v2\/users\/1"}],"replies":[{"embeddable":true,"href":"https:\/\/prodengroup.com\/ca\/wp-json\/wp\/v2\/comments?post=893"}],"version-history":[{"count":3,"href":"https:\/\/prodengroup.com\/ca\/wp-json\/wp\/v2\/pages\/893\/revisions"}],"predecessor-version":[{"id":1403,"href":"https:\/\/prodengroup.com\/ca\/wp-json\/wp\/v2\/pages\/893\/revisions\/1403"}],"wp:featuredmedia":[{"embeddable":true,"href":"https:\/\/prodengroup.com\/ca\/wp-json\/wp\/v2\/media\/895"}],"wp:attachment":[{"href":"https:\/\/prodengroup.com\/ca\/wp-json\/wp\/v2\/media?parent=893"}],"curies":[{"name":"wp","href":"https:\/\/api.w.org\/{rel}","templated":true}]}}